{"id":6,"date":"2018-01-08T13:20:29","date_gmt":"2018-01-08T11:20:29","guid":{"rendered":"https:\/\/ffhimmelberg.wordpress.com\/?page_id=2"},"modified":"2025-05-29T09:21:16","modified_gmt":"2025-05-29T09:21:16","slug":"ueber","status":"publish","type":"page","link":"https:\/\/ffhimmelberg.at\/?page_id=6","title":{"rendered":"\u00dcber uns"},"content":{"rendered":"\n<p>Himmelberg ist ein uraltes Siedlungsgebiet. Das eisfreie Wasser des Tiebelbaches wurde zur Lebensader des Dorfes. In der Bl\u00fctezeit des Gewerbes gab es entlang der Tiebel etwa 20 eisenverarbeitende Betriebe (Sensenerzeugung) und eine Pulverm\u00fchle.<br>Aufgrund etlicher Br\u00e4nde entschlossen sich f\u00fcnf Gewerbetreibende im Jahr 1878 eine freiwillige Feuerwehr zu gr\u00fcnden und bildeten am 19. Mai 1878 das Gr\u00fcndungskomitee. Aus dieser Sitzung erging ein Rundschreiben (Circular) an alle Haus- und Grundst\u00fccksbesitzer von Himmelberg. Gr\u00fcndungshauptmann wurde der Pulverfabrikant und Realit\u00e4tenbesitzer Josef Rauter.<\/p>\n\n\n\n<p> Im Jahr 2019 konnten wir unser 141-j\u00e4hriges Bestandsjubil\u00e4um als eine der \u00e4ltesten Freiwilligen Feuerwehren im Bezirk Feldkirchen feiern. <\/p>\n\n\n\n<figure class=\"wp-block-gallery aligncenter has-nested-images columns-default is-cropped wp-block-gallery-1 is-layout-flex wp-block-gallery-is-layout-flex\">\n<figure class=\"wp-block-image size-large\"><img loading=\"lazy\" decoding=\"async\" width=\"190\" height=\"290\" data-id=\"85\" src=\"https:\/\/ffhimmelberg.at\/wp-content\/uploads\/2018\/01\/josefrauter.jpeg\" alt=\"\" class=\"wp-image-85\"\/><figcaption class=\"wp-element-caption\"> Gr\u00fcndungshauptmann Josef Rauter <\/figcaption><\/figure>\n\n\n\n<figure class=\"wp-block-image size-large\"><img loading=\"lazy\" decoding=\"async\" width=\"247\" height=\"316\" data-id=\"106\" src=\"https:\/\/ffhimmelberg.at\/wp-content\/uploads\/2018\/01\/spritzenhaus1.jpeg\" alt=\"\" class=\"wp-image-106\" srcset=\"https:\/\/ffhimmelberg.at\/wp-content\/uploads\/2018\/01\/spritzenhaus1.jpeg 247w, https:\/\/ffhimmelberg.at\/wp-content\/uploads\/2018\/01\/spritzenhaus1-234x300.jpeg 234w\" sizes=\"auto, (max-width: 247px) 100vw, 247px\" \/><figcaption class=\"wp-element-caption\">Spritzenhaus von 1903<\/figcaption><\/figure>\n<\/figure>\n\n\n\n<figure class=\"wp-block-gallery aligncenter has-nested-images columns-default is-cropped wp-block-gallery-2 is-layout-flex wp-block-gallery-is-layout-flex\">\n<figure class=\"wp-block-image size-large\"><img loading=\"lazy\" decoding=\"async\" width=\"520\" height=\"346\" data-id=\"107\" src=\"https:\/\/ffhimmelberg.at\/wp-content\/uploads\/2018\/01\/rc3bcsthausneu.jpeg\" alt=\"\" class=\"wp-image-107\" srcset=\"https:\/\/ffhimmelberg.at\/wp-content\/uploads\/2018\/01\/rc3bcsthausneu.jpeg 520w, https:\/\/ffhimmelberg.at\/wp-content\/uploads\/2018\/01\/rc3bcsthausneu-300x200.jpeg 300w\" sizes=\"auto, (max-width: 520px) 100vw, 520px\" \/><figcaption class=\"wp-element-caption\"> Neues R\u00fcsthaus <\/figcaption><\/figure>\n<\/figure>\n","protected":false},"excerpt":{"rendered":"<p>Himmelberg ist ein uraltes Siedlungsgebiet. Das eisfreie Wasser des Tiebelbaches wurde zur Lebensader des Dorfes. In der Bl\u00fctezeit des Gewerbes gab es entlang der Tiebel etwa 20 eisenverarbeitende Betriebe (Sensenerzeugung) und eine Pulverm\u00fchle.Aufgrund etlicher Br\u00e4nde entschlossen sich f\u00fcnf Gewerbetreibende im Jahr 1878 eine freiwillige Feuerwehr zu gr\u00fcnden und bildeten am 19. Mai 1878 das Gr\u00fcndungskomitee. &hellip; <a href=\"https:\/\/ffhimmelberg.at\/?page_id=6\" class=\"more-link\"><span class=\"screen-reader-text\">\u00dcber uns<\/span> weiterlesen<\/a><\/p>\n","protected":false},"author":3,"featured_media":0,"parent":0,"menu_order":1,"comment_status":"closed","ping_status":"closed","template":"","meta":{"advanced_seo_description":"","jetpack_seo_html_title":"","jetpack_seo_noindex":false,"footnotes":""},"class_list":["post-6","page","type-page","status-publish","hentry"],"jetpack_sharing_enabled":false,"_links":{"self":[{"href":"https:\/\/ffhimmelberg.at\/index.php?rest_route=\/wp\/v2\/pages\/6","targetHints":{"allow":["GET"]}}],"collection":[{"href":"https:\/\/ffhimmelberg.at\/index.php?rest_route=\/wp\/v2\/pages"}],"about":[{"href":"https:\/\/ffhimmelberg.at\/index.php?rest_route=\/wp\/v2\/types\/page"}],"author":[{"embeddable":true,"href":"https:\/\/ffhimmelberg.at\/index.php?rest_route=\/wp\/v2\/users\/3"}],"replies":[{"embeddable":true,"href":"https:\/\/ffhimmelberg.at\/index.php?rest_route=%2Fwp%2Fv2%2Fcomments&post=6"}],"version-history":[{"count":4,"href":"https:\/\/ffhimmelberg.at\/index.php?rest_route=\/wp\/v2\/pages\/6\/revisions"}],"predecessor-version":[{"id":1412,"href":"https:\/\/ffhimmelberg.at\/index.php?rest_route=\/wp\/v2\/pages\/6\/revisions\/1412"}],"wp:attachment":[{"href":"https:\/\/ffhimmelberg.at\/index.php?rest_route=%2Fwp%2Fv2%2Fmedia&parent=6"}],"curies":[{"name":"wp","href":"https:\/\/api.w.org\/{rel}","templated":true}]}}