{"id":258,"date":"2020-01-13T19:59:00","date_gmt":"2020-01-13T17:59:00","guid":{"rendered":"http:\/\/ffhimmelberg.at\/?page_id=258"},"modified":"2026-03-01T10:14:30","modified_gmt":"2026-03-01T10:14:30","slug":"mitglied-werden","status":"publish","type":"page","link":"https:\/\/ffhimmelberg.at\/?page_id=258","title":{"rendered":"Mitglied werden"},"content":{"rendered":"\n<p>Du interessierst dich f\u00fcr die T\u00e4tigkeiten einer Freiwilligen Feuerwehr?<br>Du m\u00f6chtest gerne Menschen in Not helfen?<br>Dann melde dich einfach bei uns und werde selbst Feuerwehrfrau\/-mann!<\/p>\n\n\n\n<h1 class=\"wp-block-heading\">Voraussetzungen<\/h1>\n\n\n\n<ul class=\"wp-block-list\">\n<li>Mindestalter: 15 Jahre (Feuerwehrjugend 10)<\/li>\n\n\n\n<li>H\u00f6chstalter: 60 Jahre<\/li>\n\n\n\n<li>k\u00f6rperliche sowie geistige Eignung<\/li>\n<\/ul>\n\n\n\n<h1 class=\"wp-block-heading\">Was wir von dir erwarten<\/h1>\n\n\n\n<ul class=\"wp-block-list\">\n<li>regelm\u00e4\u00dfige Teilnahme an \u00dcbungen<\/li>\n\n\n\n<li>Einsatzbereitschaft<\/li>\n\n\n\n<li>Teamf\u00e4higkeit<\/li>\n<\/ul>\n\n\n\n<h1 class=\"wp-block-heading\">Infos<\/h1>\n\n\n\n<ul class=\"wp-block-list\">\n<li>Sportlichkeit ist, au\u00dfer f\u00fcr Atemschutztr\u00e4ger nicht erforderlich.<\/li>\n\n\n\n<li>Auch Frauen sind als Mitglieder herzlich willkommen.<\/li>\n\n\n\n<li>Die Mitgliedschaft kostet, abgesehen von Einsatzbereitschaft und Freizeit nichts.<\/li>\n\n\n\n<li>Selbstverst\u00e4ndlich kannst du vor dem Beitritt bei \u00dcbungen schnupperweise teilnehmen.<\/li>\n<\/ul>\n\n\n\n<p>Wenn wir dein Interesse geweckt haben, sende uns eine Nachricht oder melde dich direkt bei unserem Kommandanten ABI Andreas Puff unter +43 676 6071633.<\/p>\n\n\n<div class=\"wp-block-jetpack-contact-form is-layout-flex wp-container-jetpack-contact-form-is-layout-faa3ad1c wp-block-jetpack-contact-form-is-layout-flex\"><a href=\"https:\/\/ffhimmelberg.at\/?page_id=258\" target=\"_blank\" rel=\"noopener noreferrer\">Formular einreichen.<\/a><\/div>\n\n\n<p>Wir w\u00fcrden uns sehr freuen, wenn wir dich in Zukunft als Mitglied unserer freiwilligen Feuerwehr begr\u00fc\u00dfen k\u00f6nnten.<\/p>\n","protected":false},"excerpt":{"rendered":"<p>Du interessierst dich f\u00fcr die T\u00e4tigkeiten einer Freiwilligen Feuerwehr?Du m\u00f6chtest gerne Menschen in Not helfen?Dann melde dich einfach bei uns und werde selbst Feuerwehrfrau\/-mann! Voraussetzungen Was wir von dir erwarten Infos Wenn wir dein Interesse geweckt haben, sende uns eine Nachricht oder melde dich direkt bei unserem Kommandanten ABI Andreas Puff unter +43 676 6071633. &hellip; <a href=\"https:\/\/ffhimmelberg.at\/?page_id=258\" class=\"more-link\"><span class=\"screen-reader-text\">Mitglied werden<\/span> weiterlesen<\/a><\/p>\n","protected":false},"author":3,"featured_media":0,"parent":0,"menu_order":0,"comment_status":"closed","ping_status":"closed","template":"","meta":{"advanced_seo_description":"","jetpack_seo_html_title":"","jetpack_seo_noindex":false,"footnotes":""},"class_list":["post-258","page","type-page","status-publish","hentry"],"jetpack_sharing_enabled":true,"_links":{"self":[{"href":"https:\/\/ffhimmelberg.at\/index.php?rest_route=\/wp\/v2\/pages\/258","targetHints":{"allow":["GET"]}}],"collection":[{"href":"https:\/\/ffhimmelberg.at\/index.php?rest_route=\/wp\/v2\/pages"}],"about":[{"href":"https:\/\/ffhimmelberg.at\/index.php?rest_route=\/wp\/v2\/types\/page"}],"author":[{"embeddable":true,"href":"https:\/\/ffhimmelberg.at\/index.php?rest_route=\/wp\/v2\/users\/3"}],"replies":[{"embeddable":true,"href":"https:\/\/ffhimmelberg.at\/index.php?rest_route=%2Fwp%2Fv2%2Fcomments&post=258"}],"version-history":[{"count":3,"href":"https:\/\/ffhimmelberg.at\/index.php?rest_route=\/wp\/v2\/pages\/258\/revisions"}],"predecessor-version":[{"id":1640,"href":"https:\/\/ffhimmelberg.at\/index.php?rest_route=\/wp\/v2\/pages\/258\/revisions\/1640"}],"wp:attachment":[{"href":"https:\/\/ffhimmelberg.at\/index.php?rest_route=%2Fwp%2Fv2%2Fmedia&parent=258"}],"curies":[{"name":"wp","href":"https:\/\/api.w.org\/{rel}","templated":true}]}}